{"id":2219,"date":"2021-06-23T22:38:52","date_gmt":"2021-06-23T19:38:52","guid":{"rendered":"https:\/\/www.parkkikiekot.fi\/yritys\/"},"modified":"2026-01-21T19:38:33","modified_gmt":"2026-01-21T17:38:33","slug":"foretag","status":"publish","type":"page","link":"https:\/\/www.parkkikiekot.fi\/sv\/foretag\/","title":{"rendered":"F\u00f6retag"},"content":{"rendered":"\n<h2 class=\"wp-block-heading\">Vad \u00e4r Parkkikiekot.fi?<\/h2>\n\n\n\n<p>I n\u00e4tbutiken Parkkikiekko.fi hittar du Finlands s\u00f6taste parkeringsskivor, eller s\u00e5 kanske n\u00e5gon ocks\u00e5 pratar om parkeringsskivor.<\/p>\n\n\n\n<p>Parkkikiekot.fi-produkter tillverkas i Finland och tillverkas\/s\u00e4ljs av LedRoom Oy, som \u00e4ven driver webbutiken. Parkkikiekot.fi parkeringsskivor s\u00e4ljs huvudsakligen i f\u00f6retagets egen webbutik. Dessutom kan Parkkikiekot.fi parkeringsskivor hittas till f\u00f6rs\u00e4ljning, till exempel p\u00e5 m\u00e5nga bensinstationer runt om i Finland, tillg\u00e4nglighet och modeller varierar. Parkkikiekot.fi parkeringsskivor kan ocks\u00e5 best\u00e4llas s\u00e5 kallade specialanpassade, \u00e4ven individuellt, vi har \u00e4ven tillverkat v\u00e5ra egna parkeringsskivor f\u00f6r otaliga f\u00f6retag med f\u00f6retagets egen logotyp.<\/p>\n\n\n\n<p>St\u00e4ll g\u00e4rna fler fr\u00e5gor genom att ringa <a href=\"tel:+358405281180\">040 528 1180<\/a> \/ Antti Lehtonen<\/p>\n\n\n\n<p>N\u00e5gon kanske fortfarande undrar om jag kan anv\u00e4nda Parkkikiekot.fi-parkeringsskivan? (Redakt\u00f6rens anm\u00e4rkning \u00e4r att vi \u00e4ven erbjuder den traditionella bl\u00e5 parkeringsskivan, som ingen har best\u00e4llt \u00e4nnu). Den nya v\u00e4gtrafiklagen som tr\u00e4dde i kraft i b\u00f6rjan av juni 2020 kommer dock att underl\u00e4tta f\u00f6r dem som parkerar med bil, eftersom man i framtiden kan markera parkeringstiden friare med den officiella parkeringsskivan, till exempel genom att skriva ankomsttiden p\u00e5 ett papper.<\/p>\n\n\n\n<p>\u00c4ven om du anger ankomsttiden med en minuts noggrannhet, till exempel &#8221;Ankomsttid kl. 14:32&#8221;, ber\u00e4knas parkeringstiden fr\u00e5n och med n\u00e4sta hela timme eller halvtimme. I det h\u00e4r exemplet tre p\u00e5 eftermiddagen.<\/p>\n\n\n\n<p>Oavsett vilken metod som anv\u00e4nds f\u00f6r att meddela ankomsttiden vid stopp \u00e4r det viktigt att tiden \u00e4r l\u00e4ttl\u00e4st genom vindrutan. I praktiken b\u00f6r etiketten eller skivan fortfarande placeras p\u00e5 instrumentbr\u00e4dan, inte p\u00e5 s\u00e4tet, till exempel.<\/p>\n\n\n\n<p><strong>Ett varierat urval<\/strong><\/p>\n\n\n\n<p>Parkkikiekot.fi erbjuder ett omfattande urval av olika parkeringsskivor. F\u00f6rutom traditionella manuella skivor inkluderar v\u00e5rt urval digitala parkeringsskivor som automatiskt st\u00e4ller in ankomsttiden, vilket minskar risken f\u00f6r m\u00e4nskliga fel och hj\u00e4lper till att undvika parkeringsb\u00f6ter.<\/p>\n\n\n\n<p><strong>H\u00f6gkvalitativa och h\u00e5llbara produkter<\/strong><\/p>\n\n\n\n<p>Alla v\u00e5ra produkter \u00e4r tillverkade av slitstarka material som garanterar l\u00e5ng livsl\u00e4ngd \u00e4ven i Finlands skiftande v\u00e4derf\u00f6rh\u00e5llanden. I v\u00e5rt sortiment ing\u00e5r \u00e4ven elektroniska parkeringsskivor som automatiskt justerar parkeringstiden utan kablar och komplicerade installationer genom att \u00f6vervaka motorvibrationer.<\/p>\n\n\n\n<p><strong>Finsk expertis<\/strong><\/p>\n\n\n\n<p>Vi \u00e4r stolta \u00f6ver Finsk expertis och st\u00f6der hush\u00e5llsarbete. Parkkikiekot.fi har f\u00e5tt Nyckelflaggan som ett bevis p\u00e5 finskt arbete och kvalitet.<\/p>\n\n\n\n<p><strong>Enkel och s\u00e4ker shoppingupplevelse<\/strong><\/p>\n\n\n\n<p>V\u00e5r webbutik \u00e4r utformad f\u00f6r att vara anv\u00e4ndarv\u00e4nlig s\u00e5 att du enkelt kan hitta de produkter du letar efter. Vi erbjuder snabba och p\u00e5litliga leveranser och en m\u00e4ngd olika betalningsmetoder f\u00f6r att g\u00f6ra din shoppingupplevelse s\u00e5 smidig och s\u00e4ker som m\u00f6jligt.<\/p>\n\n\n\n<p>Med v\u00e4nliga h\u00e4lsningar,<br><strong>Antti Lehtonen \/ Entrepren\u00f6r<\/strong><\/p>\n","protected":false},"excerpt":{"rendered":"<p>Vad \u00e4r Parkkikiekot.fi? I n\u00e4tbutiken Parkkikiekko.fi hittar du Finlands s\u00f6taste parkeringsskivor, eller s\u00e5 kanske n\u00e5gon ocks\u00e5 pratar om parkeringsskivor. Parkkikiekot.fi-produkter tillverkas i Finland och tillverkas\/s\u00e4ljs av LedRoom Oy, som \u00e4ven driver webbutiken. Parkkikiekot.fi parkeringsskivor s\u00e4ljs huvudsakligen i f\u00f6retagets egen webbutik. Dessutom kan Parkkikiekot.fi parkeringsskivor hittas till f\u00f6rs\u00e4ljning, till exempel p\u00e5 m\u00e5nga bensinstationer runt om i&#8230;<\/p>\n","protected":false},"author":2,"featured_media":0,"parent":0,"menu_order":0,"comment_status":"closed","ping_status":"closed","template":"","meta":{"_kad_blocks_custom_css":"","_kad_blocks_head_custom_js":"","_kad_blocks_body_custom_js":"","_kad_blocks_footer_custom_js":"","_kad_post_transparent":"","_kad_post_title":"","_kad_post_layout":"","_kad_post_sidebar_id":"","_kad_post_content_style":"","_kad_post_vertical_padding":"","_kad_post_feature":"","_kad_post_feature_position":"","_kad_post_header":false,"_kad_post_footer":false,"_kad_post_classname":"","footnotes":""},"class_list":["post-2219","page","type-page","status-publish","hentry"],"taxonomy_info":[],"featured_image_src_large":false,"author_info":{"display_name":"Jani Autio","author_link":"https:\/\/www.parkkikiekot.fi\/sv\/author\/janiautio\/"},"comment_info":0,"_links":{"self":[{"href":"https:\/\/www.parkkikiekot.fi\/sv\/wp-json\/wp\/v2\/pages\/2219","targetHints":{"allow":["GET"]}}],"collection":[{"href":"https:\/\/www.parkkikiekot.fi\/sv\/wp-json\/wp\/v2\/pages"}],"about":[{"href":"https:\/\/www.parkkikiekot.fi\/sv\/wp-json\/wp\/v2\/types\/page"}],"author":[{"embeddable":true,"href":"https:\/\/www.parkkikiekot.fi\/sv\/wp-json\/wp\/v2\/users\/2"}],"replies":[{"embeddable":true,"href":"https:\/\/www.parkkikiekot.fi\/sv\/wp-json\/wp\/v2\/comments?post=2219"}],"version-history":[{"count":1,"href":"https:\/\/www.parkkikiekot.fi\/sv\/wp-json\/wp\/v2\/pages\/2219\/revisions"}],"predecessor-version":[{"id":2221,"href":"https:\/\/www.parkkikiekot.fi\/sv\/wp-json\/wp\/v2\/pages\/2219\/revisions\/2221"}],"wp:attachment":[{"href":"https:\/\/www.parkkikiekot.fi\/sv\/wp-json\/wp\/v2\/media?parent=2219"}],"curies":[{"name":"wp","href":"https:\/\/api.w.org\/{rel}","templated":true}]}}