{"id":2222,"date":"2021-06-23T22:43:23","date_gmt":"2021-06-23T19:43:23","guid":{"rendered":"https:\/\/www.parkkikiekot.fi\/toimitusehdot\/"},"modified":"2026-01-21T19:38:20","modified_gmt":"2026-01-21T17:38:20","slug":"leveransvillkor","status":"publish","type":"page","link":"https:\/\/www.parkkikiekot.fi\/sv\/leveransvillkor\/","title":{"rendered":"Leveransvillkor"},"content":{"rendered":"\n<p><strong>Betalning:<\/strong><\/p>\n\n\n\n<p>Flatpay-kortbetalningar och mobila betalningsmetoder Google Pay och Apple.<\/p>\n\n\n\n<p><strong>Produktleverans:<\/strong><\/p>\n\n\n\n<p>Fraktkostnaderna till Finland \u00e4r 2,00 euro per best\u00e4llning. Betalda produkter skickas inom 2\u201310 arbetsdagar efter att betalning mottagits. F\u00f6r leveranser utomlands, v\u00e4nligen fr\u00e5ga separat genom att mejla <a href=\"mailto:antti.lehtonen@parkkikiekot.fi\">antti.lehtonen@parkkikiekot.fi<\/a>.<\/p>\n\n\n\n<p><strong>\u00c5terv\u00e4nda:<\/strong><\/p>\n\n\n\n<p>Lag\u00e4ndringen tog bort den automatiska r\u00e4tten till fri retur f\u00f6r konsumenter. Med de nya reglerna m\u00e5ste kunden alltid meddela s\u00e4ljaren om returer och avbokningar. Att helt enkelt inte h\u00e4mta eller returnera varorna r\u00e4cker inte l\u00e4ngre f\u00f6r att avbryta transaktionen. Fri retur endast f\u00f6r defekta varor!<\/p>\n\n\n\n<p><strong>\u00c4ndra:<\/strong><\/p>\n\n\n\n<p>Nya erbjudanden som tr\u00e4der i kraft g\u00e4ller inte f\u00f6r redan lagda best\u00e4llningar. Produktpriserna inkluderar moms med 25,5 %. Parkkikiekot.fi webbutik f\u00f6rbeh\u00e5ller sig r\u00e4tten att \u00e4ndra priser.<\/p>\n","protected":false},"excerpt":{"rendered":"<p>Betalning: Flatpay-kortbetalningar och mobila betalningsmetoder Google Pay och Apple. Produktleverans: Fraktkostnaderna till Finland \u00e4r 2,00 euro per best\u00e4llning. Betalda produkter skickas inom 2\u201310 arbetsdagar efter att betalning mottagits. F\u00f6r leveranser utomlands, v\u00e4nligen fr\u00e5ga separat genom att mejla antti.lehtonen@parkkikiekot.fi. \u00c5terv\u00e4nda: Lag\u00e4ndringen tog bort den automatiska r\u00e4tten till fri retur f\u00f6r konsumenter. Med de nya reglerna m\u00e5ste&#8230;<\/p>\n","protected":false},"author":2,"featured_media":0,"parent":0,"menu_order":0,"comment_status":"closed","ping_status":"closed","template":"","meta":{"_kad_blocks_custom_css":"","_kad_blocks_head_custom_js":"","_kad_blocks_body_custom_js":"","_kad_blocks_footer_custom_js":"","_kad_post_transparent":"","_kad_post_title":"","_kad_post_layout":"","_kad_post_sidebar_id":"","_kad_post_content_style":"","_kad_post_vertical_padding":"","_kad_post_feature":"","_kad_post_feature_position":"","_kad_post_header":false,"_kad_post_footer":false,"_kad_post_classname":"","footnotes":""},"class_list":["post-2222","page","type-page","status-publish","hentry"],"taxonomy_info":[],"featured_image_src_large":false,"author_info":{"display_name":"Jani Autio","author_link":"https:\/\/www.parkkikiekot.fi\/sv\/author\/janiautio\/"},"comment_info":0,"_links":{"self":[{"href":"https:\/\/www.parkkikiekot.fi\/sv\/wp-json\/wp\/v2\/pages\/2222","targetHints":{"allow":["GET"]}}],"collection":[{"href":"https:\/\/www.parkkikiekot.fi\/sv\/wp-json\/wp\/v2\/pages"}],"about":[{"href":"https:\/\/www.parkkikiekot.fi\/sv\/wp-json\/wp\/v2\/types\/page"}],"author":[{"embeddable":true,"href":"https:\/\/www.parkkikiekot.fi\/sv\/wp-json\/wp\/v2\/users\/2"}],"replies":[{"embeddable":true,"href":"https:\/\/www.parkkikiekot.fi\/sv\/wp-json\/wp\/v2\/comments?post=2222"}],"version-history":[{"count":3,"href":"https:\/\/www.parkkikiekot.fi\/sv\/wp-json\/wp\/v2\/pages\/2222\/revisions"}],"predecessor-version":[{"id":2227,"href":"https:\/\/www.parkkikiekot.fi\/sv\/wp-json\/wp\/v2\/pages\/2222\/revisions\/2227"}],"wp:attachment":[{"href":"https:\/\/www.parkkikiekot.fi\/sv\/wp-json\/wp\/v2\/media?parent=2222"}],"curies":[{"name":"wp","href":"https:\/\/api.w.org\/{rel}","templated":true}]}}