{"id":2612,"date":"2021-11-22T18:39:23","date_gmt":"2021-11-22T16:39:23","guid":{"rendered":"https:\/\/www.parkkikiekot.fi\/?post_type=product&#038;p=2612"},"modified":"2026-01-31T17:11:17","modified_gmt":"2026-01-31T15:11:17","slug":"fran-egen-bild","status":"publish","type":"product","link":"https:\/\/www.parkkikiekot.fi\/sv\/andra\/fran-egen-bild\/","title":{"rendered":"Fr\u00e5n egen bild"},"content":{"rendered":"<p>Voimme tehd\u00e4 Parkkikiekon my\u00f6s omasta kuvastasi 130mm halkaisijaltaan olevaan py\u00f6re\u00e4\u00e4n kiekkoon.<br \/>\nToimitusaika noin 3 viikkoa maksusta.<\/p>\n<p>Kuva l\u00e4hetet\u00e4\u00e4n s\u00e4hk\u00f6postilla antti.lehtonen@parkkikiekot.fi osoitteeseen<\/p>\n","protected":false},"excerpt":{"rendered":"<p>Vi kan ocks\u00e5 g\u00f6ra en Parkkikiekot fr\u00e5n ditt eget foto till en rund skiva med 130 mm diameter.<br \/>\nLeveranstid cirka 3 veckor fr\u00e5n betalning.<\/p>\n<p>Fotot skickas via e-post till antti.lehtonen@parkkikiekot.fi<\/p>\n","protected":false},"featured_media":2613,"template":"","meta":{"_kad_blocks_custom_css":"","_kad_blocks_head_custom_js":"","_kad_blocks_body_custom_js":"","_kad_blocks_footer_custom_js":"","_kad_post_transparent":"","_kad_post_title":"","_kad_post_layout":"","_kad_post_sidebar_id":"","_kad_post_content_style":"","_kad_post_vertical_padding":"","_kad_post_feature":"","_kad_post_feature_position":"","_kad_post_header":false,"_kad_post_footer":false,"_kad_post_classname":""},"product_brand":[],"product_cat":[76],"product_tag":[],"class_list":{"0":"post-2612","1":"product","2":"type-product","3":"status-publish","4":"has-post-thumbnail","6":"product_cat-andra","8":"first","9":"instock","10":"taxable","11":"shipping-taxable","12":"purchasable","13":"product-type-simple","14":"entry","15":"content-bg","16":"loop-entry"},"taxonomy_info":{"product_cat":[{"value":76,"label":"Andra"}]},"featured_image_src_large":["https:\/\/www.parkkikiekot.fi\/wp-content\/uploads\/2026\/01\/9E5BDD9C-3445-4BFF-99E7-7562346A14E0.jpeg",750,780,false],"author_info":[],"comment_info":"","_links":{"self":[{"href":"https:\/\/www.parkkikiekot.fi\/sv\/wp-json\/wp\/v2\/product\/2612","targetHints":{"allow":["GET"]}}],"collection":[{"href":"https:\/\/www.parkkikiekot.fi\/sv\/wp-json\/wp\/v2\/product"}],"about":[{"href":"https:\/\/www.parkkikiekot.fi\/sv\/wp-json\/wp\/v2\/types\/product"}],"wp:featuredmedia":[{"embeddable":true,"href":"https:\/\/www.parkkikiekot.fi\/sv\/wp-json\/wp\/v2\/media\/2613"}],"wp:attachment":[{"href":"https:\/\/www.parkkikiekot.fi\/sv\/wp-json\/wp\/v2\/media?parent=2612"}],"wp:term":[{"taxonomy":"product_brand","embeddable":true,"href":"https:\/\/www.parkkikiekot.fi\/sv\/wp-json\/wp\/v2\/product_brand?post=2612"},{"taxonomy":"product_cat","embeddable":true,"href":"https:\/\/www.parkkikiekot.fi\/sv\/wp-json\/wp\/v2\/product_cat?post=2612"},{"taxonomy":"product_tag","embeddable":true,"href":"https:\/\/www.parkkikiekot.fi\/sv\/wp-json\/wp\/v2\/product_tag?post=2612"}],"curies":[{"name":"wp","href":"https:\/\/api.w.org\/{rel}","templated":true}]}}